{"id":19,"date":"2016-09-22T12:12:47","date_gmt":"2016-09-22T12:12:47","guid":{"rendered":"http:\/\/www.castillodesaldana.es\/?page_id=19"},"modified":"2017-09-06T11:42:10","modified_gmt":"2017-09-06T11:42:10","slug":"historial","status":"publish","type":"page","link":"https:\/\/www.castillodesaldana.es\/?page_id=19","title":{"rendered":"Salda\u00f1a con el Castillo"},"content":{"rendered":"<p>Esta p\u00e1gina esta dedicada a mostrar como el Castillo es parte de la vida, los recuerdos y las actividades de Salda\u00f1a y sus habitantes.<\/p>\n<p>Cuadros, fotos, carteles,..... enlaces a p\u00e1ginas web, a Facebook,....<\/p>\n<p>&nbsp;<\/p>\n<p>Programa Fiestas del valle 2017 en el peri\u00f3dico CARRION<a href=\"http:\/\/www.castillodesaldana.es\/wp-content\/uploads\/2016\/09\/Periodico-Carrion-fiestas-del-valle-1017.jpg\"><img decoding=\"async\" loading=\"lazy\" class=\"alignnone size-large wp-image-959\" src=\"http:\/\/www.castillodesaldana.es\/wp-content\/uploads\/2016\/09\/Periodico-Carrion-fiestas-del-valle-1017-1024x833.jpg\" alt=\"Periodico Carrion, fiestas del valle 1017\" width=\"625\" height=\"508\" srcset=\"https:\/\/www.castillodesaldana.es\/wp-content\/uploads\/2016\/09\/Periodico-Carrion-fiestas-del-valle-1017-1024x833.jpg 1024w, https:\/\/www.castillodesaldana.es\/wp-content\/uploads\/2016\/09\/Periodico-Carrion-fiestas-del-valle-1017-300x244.jpg 300w, https:\/\/www.castillodesaldana.es\/wp-content\/uploads\/2016\/09\/Periodico-Carrion-fiestas-del-valle-1017-768x625.jpg 768w, https:\/\/www.castillodesaldana.es\/wp-content\/uploads\/2016\/09\/Periodico-Carrion-fiestas-del-valle-1017-960x781.jpg 960w, https:\/\/www.castillodesaldana.es\/wp-content\/uploads\/2016\/09\/Periodico-Carrion-fiestas-del-valle-1017.jpg 1032w\" sizes=\"(max-width: 625px) 100vw, 625px\" \/><\/a><\/p>\n<p>Programa Fiestas del Valle 2017 en el peri\u00f3dico INVIERTE<a href=\"http:\/\/www.castillodesaldana.es\/wp-content\/uploads\/2016\/09\/Periodico-INVIERTE-2017.png\"><img decoding=\"async\" loading=\"lazy\" class=\"alignnone size-large wp-image-953\" src=\"http:\/\/www.castillodesaldana.es\/wp-content\/uploads\/2016\/09\/Periodico-INVIERTE-2017-1024x737.png\" alt=\"Periodico INVIERTE, 2017\" width=\"625\" height=\"450\" srcset=\"https:\/\/www.castillodesaldana.es\/wp-content\/uploads\/2016\/09\/Periodico-INVIERTE-2017-1024x737.png 1024w, https:\/\/www.castillodesaldana.es\/wp-content\/uploads\/2016\/09\/Periodico-INVIERTE-2017-300x216.png 300w, https:\/\/www.castillodesaldana.es\/wp-content\/uploads\/2016\/09\/Periodico-INVIERTE-2017-768x553.png 768w, https:\/\/www.castillodesaldana.es\/wp-content\/uploads\/2016\/09\/Periodico-INVIERTE-2017-960x691.png 960w, https:\/\/www.castillodesaldana.es\/wp-content\/uploads\/2016\/09\/Periodico-INVIERTE-2017.png 1294w\" sizes=\"(max-width: 625px) 100vw, 625px\" \/><\/a><\/p>\n<p>Cuadros del concurso de pintura 2017 donde aparece el Castillo<a href=\"http:\/\/www.castillodesaldana.es\/wp-content\/uploads\/2016\/09\/Plaza.jpg\"><img decoding=\"async\" loading=\"lazy\" class=\"alignnone size-large wp-image-919\" src=\"http:\/\/www.castillodesaldana.es\/wp-content\/uploads\/2016\/09\/Plaza-767x1024.jpg\" alt=\"Plaza\" width=\"625\" height=\"834\" srcset=\"https:\/\/www.castillodesaldana.es\/wp-content\/uploads\/2016\/09\/Plaza-767x1024.jpg 767w, https:\/\/www.castillodesaldana.es\/wp-content\/uploads\/2016\/09\/Plaza-225x300.jpg 225w, https:\/\/www.castillodesaldana.es\/wp-content\/uploads\/2016\/09\/Plaza-768x1025.jpg 768w, https:\/\/www.castillodesaldana.es\/wp-content\/uploads\/2016\/09\/Plaza-960x1281.jpg 960w\" sizes=\"(max-width: 625px) 100vw, 625px\" \/><\/a><a href=\"http:\/\/www.castillodesaldana.es\/wp-content\/uploads\/2016\/09\/Colorido.jpg\"><img decoding=\"async\" loading=\"lazy\" class=\"alignnone size-large wp-image-918\" src=\"http:\/\/www.castillodesaldana.es\/wp-content\/uploads\/2016\/09\/Colorido-1024x745.jpg\" alt=\"Colorido\" width=\"625\" height=\"455\" srcset=\"https:\/\/www.castillodesaldana.es\/wp-content\/uploads\/2016\/09\/Colorido-1024x745.jpg 1024w, https:\/\/www.castillodesaldana.es\/wp-content\/uploads\/2016\/09\/Colorido-300x218.jpg 300w, https:\/\/www.castillodesaldana.es\/wp-content\/uploads\/2016\/09\/Colorido-768x559.jpg 768w, https:\/\/www.castillodesaldana.es\/wp-content\/uploads\/2016\/09\/Colorido-960x698.jpg 960w\" sizes=\"(max-width: 625px) 100vw, 625px\" \/><\/a><a href=\"http:\/\/www.castillodesaldana.es\/wp-content\/uploads\/2016\/09\/Desde-casa-Beninin.jpg\"><img decoding=\"async\" loading=\"lazy\" class=\"alignnone size-large wp-image-920\" src=\"http:\/\/www.castillodesaldana.es\/wp-content\/uploads\/2016\/09\/Desde-casa-Beninin-1024x888.jpg\" alt=\"Desde casa Beninin\" width=\"625\" height=\"542\" srcset=\"https:\/\/www.castillodesaldana.es\/wp-content\/uploads\/2016\/09\/Desde-casa-Beninin-1024x888.jpg 1024w, https:\/\/www.castillodesaldana.es\/wp-content\/uploads\/2016\/09\/Desde-casa-Beninin-300x260.jpg 300w, https:\/\/www.castillodesaldana.es\/wp-content\/uploads\/2016\/09\/Desde-casa-Beninin-768x666.jpg 768w, https:\/\/www.castillodesaldana.es\/wp-content\/uploads\/2016\/09\/Desde-casa-Beninin-960x833.jpg 960w\" sizes=\"(max-width: 625px) 100vw, 625px\" \/><\/a><a href=\"http:\/\/www.castillodesaldana.es\/wp-content\/uploads\/2016\/09\/Dibujo-ni\u00f1o.jpg\"><img decoding=\"async\" loading=\"lazy\" class=\"alignnone size-large wp-image-922\" src=\"http:\/\/www.castillodesaldana.es\/wp-content\/uploads\/2016\/09\/Dibujo-ni\u00f1o-1024x835.jpg\" alt=\"Dibujo ni\u00f1o\" width=\"625\" height=\"510\" srcset=\"https:\/\/www.castillodesaldana.es\/wp-content\/uploads\/2016\/09\/Dibujo-ni\u00f1o-1024x835.jpg 1024w, https:\/\/www.castillodesaldana.es\/wp-content\/uploads\/2016\/09\/Dibujo-ni\u00f1o-300x245.jpg 300w, https:\/\/www.castillodesaldana.es\/wp-content\/uploads\/2016\/09\/Dibujo-ni\u00f1o-768x626.jpg 768w, https:\/\/www.castillodesaldana.es\/wp-content\/uploads\/2016\/09\/Dibujo-ni\u00f1o-960x783.jpg 960w\" sizes=\"(max-width: 625px) 100vw, 625px\" \/><\/a><\/p>\n<p>y pintado \"desde\" el Castillo<a href=\"http:\/\/www.castillodesaldana.es\/wp-content\/uploads\/2016\/09\/1\u00ba-premio.jpg\"><img decoding=\"async\" loading=\"lazy\" class=\"alignnone size-large wp-image-917\" src=\"http:\/\/www.castillodesaldana.es\/wp-content\/uploads\/2016\/09\/1\u00ba-premio-999x1024.jpg\" alt=\"1\u00ba premio\" width=\"625\" height=\"641\" srcset=\"https:\/\/www.castillodesaldana.es\/wp-content\/uploads\/2016\/09\/1\u00ba-premio-999x1024.jpg 999w, https:\/\/www.castillodesaldana.es\/wp-content\/uploads\/2016\/09\/1\u00ba-premio-293x300.jpg 293w, https:\/\/www.castillodesaldana.es\/wp-content\/uploads\/2016\/09\/1\u00ba-premio-768x787.jpg 768w, https:\/\/www.castillodesaldana.es\/wp-content\/uploads\/2016\/09\/1\u00ba-premio-960x984.jpg 960w\" sizes=\"(max-width: 625px) 100vw, 625px\" \/><\/a><\/p>\n<p><a href=\"http:\/\/www.castillodesaldana.es\/wp-content\/uploads\/2016\/09\/Recortable-del-Castillo-.pdf\" target=\"_blank\">Recortable del Castillo<\/a><\/p>\n<p>Bar de Tenerife<a href=\"http:\/\/www.castillodesaldana.es\/wp-content\/uploads\/2016\/09\/bar-de-Tenerife.jpg\"><img decoding=\"async\" loading=\"lazy\" class=\"alignnone size-large wp-image-802\" src=\"http:\/\/www.castillodesaldana.es\/wp-content\/uploads\/2016\/09\/bar-de-Tenerife-1024x576.jpg\" alt=\"bar de Tenerife\" width=\"625\" height=\"352\" srcset=\"https:\/\/www.castillodesaldana.es\/wp-content\/uploads\/2016\/09\/bar-de-Tenerife-1024x576.jpg 1024w, https:\/\/www.castillodesaldana.es\/wp-content\/uploads\/2016\/09\/bar-de-Tenerife-300x169.jpg 300w, https:\/\/www.castillodesaldana.es\/wp-content\/uploads\/2016\/09\/bar-de-Tenerife-768x432.jpg 768w, https:\/\/www.castillodesaldana.es\/wp-content\/uploads\/2016\/09\/bar-de-Tenerife-960x540.jpg 960w, https:\/\/www.castillodesaldana.es\/wp-content\/uploads\/2016\/09\/bar-de-Tenerife.jpg 1600w\" sizes=\"(max-width: 625px) 100vw, 625px\" \/><\/a><\/p>\n<p>Cartel<a href=\"http:\/\/www.castillodesaldana.es\/wp-content\/uploads\/2016\/09\/Cartel-bar-El-Bodegon-de-Salda\u00f1a-en-Tenerife.jpg\"><img decoding=\"async\" loading=\"lazy\" class=\"alignnone size-large wp-image-811\" src=\"http:\/\/www.castillodesaldana.es\/wp-content\/uploads\/2016\/09\/Cartel-bar-El-Bodegon-de-Salda\u00f1a-en-Tenerife-1024x584.jpg\" alt=\"Cartel bar El Bodegon de Salda\u00f1a, en Tenerife\" width=\"625\" height=\"356\" srcset=\"https:\/\/www.castillodesaldana.es\/wp-content\/uploads\/2016\/09\/Cartel-bar-El-Bodegon-de-Salda\u00f1a-en-Tenerife-1024x584.jpg 1024w, https:\/\/www.castillodesaldana.es\/wp-content\/uploads\/2016\/09\/Cartel-bar-El-Bodegon-de-Salda\u00f1a-en-Tenerife-300x171.jpg 300w, https:\/\/www.castillodesaldana.es\/wp-content\/uploads\/2016\/09\/Cartel-bar-El-Bodegon-de-Salda\u00f1a-en-Tenerife-768x438.jpg 768w, https:\/\/www.castillodesaldana.es\/wp-content\/uploads\/2016\/09\/Cartel-bar-El-Bodegon-de-Salda\u00f1a-en-Tenerife-960x548.jpg 960w, https:\/\/www.castillodesaldana.es\/wp-content\/uploads\/2016\/09\/Cartel-bar-El-Bodegon-de-Salda\u00f1a-en-Tenerife.jpg 1550w\" sizes=\"(max-width: 625px) 100vw, 625px\" \/><\/a><\/p>\n<p>&nbsp;<\/p>\n<p><a href=\"http:\/\/www.castillodesaldana.es\/wp-content\/uploads\/2016\/09\/Cera-convertida-en-arte.pdf\">Cera convertida en arte<\/a><\/p>\n<p><a href=\"http:\/\/www.castillodesaldana.es\/wp-content\/uploads\/2016\/09\/Rodrigo-Vega-nuevo-catedr\u00e1tico-de-la-UCM.pdf\">Rodrigo Vega, nuevo catedr\u00e1tico de la UCM<\/a><\/p>\n<p>Cuadro decorando las escaleras del Ayuntamiento<a href=\"http:\/\/www.castillodesaldana.es\/wp-content\/uploads\/2016\/09\/Cuadro-despacho-alcalde-1.jpg\"><img decoding=\"async\" loading=\"lazy\" class=\"alignnone wp-image-673\" src=\"http:\/\/www.castillodesaldana.es\/wp-content\/uploads\/2016\/09\/Cuadro-despacho-alcalde-1-768x1024.jpg\" alt=\"cuadro-despacho-alcalde\" width=\"487\" height=\"650\" srcset=\"https:\/\/www.castillodesaldana.es\/wp-content\/uploads\/2016\/09\/Cuadro-despacho-alcalde-1-768x1024.jpg 768w, https:\/\/www.castillodesaldana.es\/wp-content\/uploads\/2016\/09\/Cuadro-despacho-alcalde-1-225x300.jpg 225w, https:\/\/www.castillodesaldana.es\/wp-content\/uploads\/2016\/09\/Cuadro-despacho-alcalde-1-960x1281.jpg 960w, https:\/\/www.castillodesaldana.es\/wp-content\/uploads\/2016\/09\/Cuadro-despacho-alcalde-1.jpg 1090w\" sizes=\"(max-width: 487px) 100vw, 487px\" \/><\/a><\/p>\n<p>&nbsp;<\/p>\n<p>&nbsp;<\/p>\n<p>Fanal de cera...............................<a href=\"http:\/\/www.castillodesaldana.es\/wp-content\/uploads\/2016\/09\/Fanal-de-cera.jpg\"><img decoding=\"async\" loading=\"lazy\" class=\"alignnone wp-image-659\" src=\"http:\/\/www.castillodesaldana.es\/wp-content\/uploads\/2016\/09\/Fanal-de-cera-768x1024.jpg\" alt=\"fanal-de-cera\" width=\"395\" height=\"526\" srcset=\"https:\/\/www.castillodesaldana.es\/wp-content\/uploads\/2016\/09\/Fanal-de-cera-768x1024.jpg 768w, https:\/\/www.castillodesaldana.es\/wp-content\/uploads\/2016\/09\/Fanal-de-cera-225x300.jpg 225w, https:\/\/www.castillodesaldana.es\/wp-content\/uploads\/2016\/09\/Fanal-de-cera-960x1280.jpg 960w\" sizes=\"(max-width: 395px) 100vw, 395px\" \/><\/a><\/p>\n<p>&nbsp;<\/p>\n<p>Cuadro pintado y regalado por \"Ceci\" (veterinario que vivi\u00f3 en Salda\u00f1a) a Mateo y Elena, con ocasi\u00f3n de su boda, en el a\u00f1o 1957<a href=\"http:\/\/www.castillodesaldana.es\/wp-content\/uploads\/2016\/09\/Cuadro-de-Ceci-1957.-Regalo-boda-Mateo-Elena.jpg\"><img decoding=\"async\" loading=\"lazy\" class=\"alignnone size-large wp-image-620\" src=\"http:\/\/www.castillodesaldana.es\/wp-content\/uploads\/2016\/09\/Cuadro-de-Ceci-1957.-Regalo-boda-Mateo-Elena-1024x785.jpg\" alt=\"cuadro-de-ceci-1957-regalo-boda-mateo-elena\" width=\"625\" height=\"479\" srcset=\"https:\/\/www.castillodesaldana.es\/wp-content\/uploads\/2016\/09\/Cuadro-de-Ceci-1957.-Regalo-boda-Mateo-Elena-1024x785.jpg 1024w, https:\/\/www.castillodesaldana.es\/wp-content\/uploads\/2016\/09\/Cuadro-de-Ceci-1957.-Regalo-boda-Mateo-Elena-300x230.jpg 300w, https:\/\/www.castillodesaldana.es\/wp-content\/uploads\/2016\/09\/Cuadro-de-Ceci-1957.-Regalo-boda-Mateo-Elena-768x589.jpg 768w, https:\/\/www.castillodesaldana.es\/wp-content\/uploads\/2016\/09\/Cuadro-de-Ceci-1957.-Regalo-boda-Mateo-Elena-960x736.jpg 960w\" sizes=\"(max-width: 625px) 100vw, 625px\" \/><\/a><\/p>\n<p>&nbsp;<\/p>\n<p>Director y profesores\u00a0del Instituto de Salda\u00f1a, visitando el Castillo junto a Luis Sandino (a\u00f1o 1956-57)<a href=\"http:\/\/www.castillodesaldana.es\/wp-content\/uploads\/2016\/09\/3-Luis-en-el-castillo-1-.jpg\"><img decoding=\"async\" loading=\"lazy\" class=\"alignnone size-full wp-image-607\" src=\"http:\/\/www.castillodesaldana.es\/wp-content\/uploads\/2016\/09\/3-Luis-en-el-castillo-1-.jpg\" alt=\"3-luis-en-el-castillo-1\" width=\"953\" height=\"636\" srcset=\"https:\/\/www.castillodesaldana.es\/wp-content\/uploads\/2016\/09\/3-Luis-en-el-castillo-1-.jpg 953w, https:\/\/www.castillodesaldana.es\/wp-content\/uploads\/2016\/09\/3-Luis-en-el-castillo-1--300x200.jpg 300w, https:\/\/www.castillodesaldana.es\/wp-content\/uploads\/2016\/09\/3-Luis-en-el-castillo-1--768x513.jpg 768w\" sizes=\"(max-width: 953px) 100vw, 953px\" \/><\/a> <a href=\"http:\/\/www.castillodesaldana.es\/wp-content\/uploads\/2016\/09\/3-Luis-en-el-castillo-2-.jpg\"><img decoding=\"async\" loading=\"lazy\" class=\"alignnone size-large wp-image-608\" src=\"http:\/\/www.castillodesaldana.es\/wp-content\/uploads\/2016\/09\/3-Luis-en-el-castillo-2-.jpg\" alt=\"3-luis-en-el-castillo-2\" width=\"625\" height=\"419\" srcset=\"https:\/\/www.castillodesaldana.es\/wp-content\/uploads\/2016\/09\/3-Luis-en-el-castillo-2-.jpg 954w, https:\/\/www.castillodesaldana.es\/wp-content\/uploads\/2016\/09\/3-Luis-en-el-castillo-2--300x201.jpg 300w, https:\/\/www.castillodesaldana.es\/wp-content\/uploads\/2016\/09\/3-Luis-en-el-castillo-2--768x515.jpg 768w\" sizes=\"(max-width: 625px) 100vw, 625px\" \/><\/a> <a href=\"http:\/\/www.castillodesaldana.es\/wp-content\/uploads\/2016\/09\/3-Luis-en-el-castillo-3-.jpg\"><img decoding=\"async\" loading=\"lazy\" class=\"alignnone size-large wp-image-609\" src=\"http:\/\/www.castillodesaldana.es\/wp-content\/uploads\/2016\/09\/3-Luis-en-el-castillo-3-.jpg\" alt=\"3-luis-en-el-castillo-3\" width=\"625\" height=\"414\" srcset=\"https:\/\/www.castillodesaldana.es\/wp-content\/uploads\/2016\/09\/3-Luis-en-el-castillo-3-.jpg 958w, https:\/\/www.castillodesaldana.es\/wp-content\/uploads\/2016\/09\/3-Luis-en-el-castillo-3--300x199.jpg 300w, https:\/\/www.castillodesaldana.es\/wp-content\/uploads\/2016\/09\/3-Luis-en-el-castillo-3--768x509.jpg 768w\" sizes=\"(max-width: 625px) 100vw, 625px\" \/><\/a><\/p>\n<p>&nbsp;<\/p>\n<p>Cuadros regalados por el Ayuntamiento a dos de sus trabajadoras, con motivo de su jubilaci\u00f3n. Navidades 2016-17.<a href=\"http:\/\/www.castillodesaldana.es\/wp-content\/uploads\/2016\/09\/Regalo-jubilacion-del-Ayuntamiento-navidades-2016-17-2-.jpg\"><img decoding=\"async\" loading=\"lazy\" class=\"alignnone size-large wp-image-617\" src=\"http:\/\/www.castillodesaldana.es\/wp-content\/uploads\/2016\/09\/Regalo-jubilacion-del-Ayuntamiento-navidades-2016-17-2--1024x849.jpg\" alt=\"regalo-jubilacion-del-ayuntamiento-navidades-2016-17-2\" width=\"625\" height=\"518\" srcset=\"https:\/\/www.castillodesaldana.es\/wp-content\/uploads\/2016\/09\/Regalo-jubilacion-del-Ayuntamiento-navidades-2016-17-2--1024x849.jpg 1024w, https:\/\/www.castillodesaldana.es\/wp-content\/uploads\/2016\/09\/Regalo-jubilacion-del-Ayuntamiento-navidades-2016-17-2--300x249.jpg 300w, https:\/\/www.castillodesaldana.es\/wp-content\/uploads\/2016\/09\/Regalo-jubilacion-del-Ayuntamiento-navidades-2016-17-2--768x636.jpg 768w, https:\/\/www.castillodesaldana.es\/wp-content\/uploads\/2016\/09\/Regalo-jubilacion-del-Ayuntamiento-navidades-2016-17-2--960x795.jpg 960w\" sizes=\"(max-width: 625px) 100vw, 625px\" \/><\/a> <a href=\"http:\/\/www.castillodesaldana.es\/wp-content\/uploads\/2016\/09\/Regalo-jubilacion-del-Ayuntamiento-navidades-2016-17-.jpg\"><img decoding=\"async\" loading=\"lazy\" class=\"alignnone size-large wp-image-618\" src=\"http:\/\/www.castillodesaldana.es\/wp-content\/uploads\/2016\/09\/Regalo-jubilacion-del-Ayuntamiento-navidades-2016-17--1024x829.jpg\" alt=\"regalo-jubilacion-del-ayuntamiento-navidades-2016-17\" width=\"625\" height=\"506\" srcset=\"https:\/\/www.castillodesaldana.es\/wp-content\/uploads\/2016\/09\/Regalo-jubilacion-del-Ayuntamiento-navidades-2016-17--1024x829.jpg 1024w, https:\/\/www.castillodesaldana.es\/wp-content\/uploads\/2016\/09\/Regalo-jubilacion-del-Ayuntamiento-navidades-2016-17--300x243.jpg 300w, https:\/\/www.castillodesaldana.es\/wp-content\/uploads\/2016\/09\/Regalo-jubilacion-del-Ayuntamiento-navidades-2016-17--768x622.jpg 768w, https:\/\/www.castillodesaldana.es\/wp-content\/uploads\/2016\/09\/Regalo-jubilacion-del-Ayuntamiento-navidades-2016-17--960x777.jpg 960w\" sizes=\"(max-width: 625px) 100vw, 625px\" \/><\/a><\/p>\n<p>&nbsp;<\/p>\n<p>Calendario de Gr\u00e1ficas Salda\u00f1a 2016<a href=\"http:\/\/www.castillodesaldana.es\/wp-content\/uploads\/2016\/09\/Calendario-Graficas-Salda\u00f1a-2016-.jpg\"><img decoding=\"async\" loading=\"lazy\" class=\"alignnone size-large wp-image-560\" src=\"http:\/\/www.castillodesaldana.es\/wp-content\/uploads\/2016\/09\/Calendario-Graficas-Salda\u00f1a-2016--1024x716.jpg\" alt=\"calendario-graficas-saldana-2016\" width=\"625\" height=\"437\" srcset=\"https:\/\/www.castillodesaldana.es\/wp-content\/uploads\/2016\/09\/Calendario-Graficas-Salda\u00f1a-2016--1024x716.jpg 1024w, https:\/\/www.castillodesaldana.es\/wp-content\/uploads\/2016\/09\/Calendario-Graficas-Salda\u00f1a-2016--300x210.jpg 300w, https:\/\/www.castillodesaldana.es\/wp-content\/uploads\/2016\/09\/Calendario-Graficas-Salda\u00f1a-2016--768x537.jpg 768w, https:\/\/www.castillodesaldana.es\/wp-content\/uploads\/2016\/09\/Calendario-Graficas-Salda\u00f1a-2016--960x671.jpg 960w\" sizes=\"(max-width: 625px) 100vw, 625px\" \/><\/a><\/p>\n<p>&nbsp;<\/p>\n<p>Perfil en facebook<a href=\"http:\/\/www.castillodesaldana.es\/wp-content\/uploads\/2016\/09\/Jose-P\u00e9rez-Mediavilla.jpg\"><img decoding=\"async\" loading=\"lazy\" class=\"alignnone size-full wp-image-458\" src=\"http:\/\/www.castillodesaldana.es\/wp-content\/uploads\/2016\/09\/Jose-P\u00e9rez-Mediavilla.jpg\" alt=\"jose-perez-mediavilla\" width=\"510\" height=\"572\" srcset=\"https:\/\/www.castillodesaldana.es\/wp-content\/uploads\/2016\/09\/Jose-P\u00e9rez-Mediavilla.jpg 510w, https:\/\/www.castillodesaldana.es\/wp-content\/uploads\/2016\/09\/Jose-P\u00e9rez-Mediavilla-267x300.jpg 267w\" sizes=\"(max-width: 510px) 100vw, 510px\" \/><\/a><\/p>\n<p>&nbsp;<\/p>\n<p>Im\u00e1n para frigor\u00edfico<a href=\"http:\/\/www.castillodesaldana.es\/wp-content\/uploads\/2016\/09\/Iman-para-frigo-2016.jpg\"><img decoding=\"async\" loading=\"lazy\" class=\"alignnone size-full wp-image-457\" src=\"http:\/\/www.castillodesaldana.es\/wp-content\/uploads\/2016\/09\/Iman-para-frigo-2016.jpg\" alt=\"iman-para-frigo-2016\" width=\"513\" height=\"395\" srcset=\"https:\/\/www.castillodesaldana.es\/wp-content\/uploads\/2016\/09\/Iman-para-frigo-2016.jpg 513w, https:\/\/www.castillodesaldana.es\/wp-content\/uploads\/2016\/09\/Iman-para-frigo-2016-300x231.jpg 300w\" sizes=\"(max-width: 513px) 100vw, 513px\" \/><\/a><\/p>\n<p>&nbsp;<\/p>\n<p>Cartel encuentro dulzaineros en Salda\u00f1a 2016<a href=\"http:\/\/www.castillodesaldana.es\/wp-content\/uploads\/2016\/09\/Cartel-dulzaineros-2016.jpg\"><img decoding=\"async\" loading=\"lazy\" class=\"alignnone wp-image-443\" src=\"http:\/\/www.castillodesaldana.es\/wp-content\/uploads\/2016\/09\/Cartel-dulzaineros-2016-1024x745.jpg\" alt=\"cartel-dulzaineros-2016\" width=\"516\" height=\"376\" srcset=\"https:\/\/www.castillodesaldana.es\/wp-content\/uploads\/2016\/09\/Cartel-dulzaineros-2016-1024x745.jpg 1024w, https:\/\/www.castillodesaldana.es\/wp-content\/uploads\/2016\/09\/Cartel-dulzaineros-2016-300x218.jpg 300w, https:\/\/www.castillodesaldana.es\/wp-content\/uploads\/2016\/09\/Cartel-dulzaineros-2016-768x559.jpg 768w, https:\/\/www.castillodesaldana.es\/wp-content\/uploads\/2016\/09\/Cartel-dulzaineros-2016-960x699.jpg 960w\" sizes=\"(max-width: 516px) 100vw, 516px\" \/><\/a><\/p>\n<p>&nbsp;<\/p>\n<p>Cuadro premiado concurso pintura r\u00e1pida - Salda\u00f1a 2016<a href=\"http:\/\/www.castillodesaldana.es\/wp-content\/uploads\/2016\/09\/IMG_1699.jpg\"><img decoding=\"async\" loading=\"lazy\" class=\"alignnone wp-image-300\" src=\"http:\/\/www.castillodesaldana.es\/wp-content\/uploads\/2016\/09\/IMG_1699-1024x747.jpg\" alt=\"IMG_1699\" width=\"520\" height=\"379\" srcset=\"https:\/\/www.castillodesaldana.es\/wp-content\/uploads\/2016\/09\/IMG_1699-1024x747.jpg 1024w, https:\/\/www.castillodesaldana.es\/wp-content\/uploads\/2016\/09\/IMG_1699-300x219.jpg 300w, https:\/\/www.castillodesaldana.es\/wp-content\/uploads\/2016\/09\/IMG_1699-960x701.jpg 960w\" sizes=\"(max-width: 520px) 100vw, 520px\" \/><\/a><\/p>\n<p>&nbsp;<\/p>\n<p>Cartel Salda\u00f1a Encantada - 2016<a href=\"http:\/\/www.castillodesaldana.es\/wp-content\/uploads\/2016\/09\/Salda\u00f1a-encantada-2016.jpg\"><img decoding=\"async\" loading=\"lazy\" class=\"alignnone wp-image-420\" src=\"http:\/\/www.castillodesaldana.es\/wp-content\/uploads\/2016\/09\/Salda\u00f1a-encantada-2016.jpg\" alt=\"saldana-encantada-2016\" width=\"521\" height=\"802\" srcset=\"https:\/\/www.castillodesaldana.es\/wp-content\/uploads\/2016\/09\/Salda\u00f1a-encantada-2016.jpg 624w, https:\/\/www.castillodesaldana.es\/wp-content\/uploads\/2016\/09\/Salda\u00f1a-encantada-2016-195x300.jpg 195w\" sizes=\"(max-width: 521px) 100vw, 521px\" \/><\/a><\/p>\n<p>&nbsp;<\/p>\n<p>Girasoles (internet)<a href=\"http:\/\/www.castillodesaldana.es\/wp-content\/uploads\/2016\/09\/Girasoles.jpg\"><img decoding=\"async\" loading=\"lazy\" class=\"alignnone wp-image-418\" src=\"http:\/\/www.castillodesaldana.es\/wp-content\/uploads\/2016\/09\/Girasoles-1024x768.jpg\" alt=\"girasoles\" width=\"522\" height=\"392\" srcset=\"https:\/\/www.castillodesaldana.es\/wp-content\/uploads\/2016\/09\/Girasoles-1024x768.jpg 1024w, https:\/\/www.castillodesaldana.es\/wp-content\/uploads\/2016\/09\/Girasoles-300x225.jpg 300w, https:\/\/www.castillodesaldana.es\/wp-content\/uploads\/2016\/09\/Girasoles-768x576.jpg 768w, https:\/\/www.castillodesaldana.es\/wp-content\/uploads\/2016\/09\/Girasoles-960x720.jpg 960w, https:\/\/www.castillodesaldana.es\/wp-content\/uploads\/2016\/09\/Girasoles.jpg 1600w\" sizes=\"(max-width: 522px) 100vw, 522px\" \/><\/a><\/p>\n<p>&nbsp;<\/p>\n<p>Cuadro expuesto en el Ayuntamiento de Salda\u00f1a<a href=\"http:\/\/www.castillodesaldana.es\/wp-content\/uploads\/2016\/09\/IMG_1740.jpg\"><img decoding=\"async\" loading=\"lazy\" class=\"alignnone wp-image-299\" src=\"http:\/\/www.castillodesaldana.es\/wp-content\/uploads\/2016\/09\/IMG_1740-1024x775.jpg\" alt=\"IMG_1740\" width=\"529\" height=\"401\" srcset=\"https:\/\/www.castillodesaldana.es\/wp-content\/uploads\/2016\/09\/IMG_1740-1024x775.jpg 1024w, https:\/\/www.castillodesaldana.es\/wp-content\/uploads\/2016\/09\/IMG_1740-300x227.jpg 300w, https:\/\/www.castillodesaldana.es\/wp-content\/uploads\/2016\/09\/IMG_1740-960x726.jpg 960w\" sizes=\"(max-width: 529px) 100vw, 529px\" \/><\/a><\/p>\n<p>&nbsp;<\/p>\n<p>Se\u00f1al indicativa del Castillo de los Condes de Salda\u00f1a<a href=\"http:\/\/www.castillodesaldana.es\/wp-content\/uploads\/2016\/09\/Foto-cartel-indicativo-Los-condes-.jpg\"><img decoding=\"async\" loading=\"lazy\" class=\"alignnone wp-image-434\" src=\"http:\/\/www.castillodesaldana.es\/wp-content\/uploads\/2016\/09\/Foto-cartel-indicativo-Los-condes--768x1024.jpg\" alt=\"foto-cartel-indicativo-los-condes\" width=\"537\" height=\"716\" srcset=\"https:\/\/www.castillodesaldana.es\/wp-content\/uploads\/2016\/09\/Foto-cartel-indicativo-Los-condes--768x1024.jpg 768w, https:\/\/www.castillodesaldana.es\/wp-content\/uploads\/2016\/09\/Foto-cartel-indicativo-Los-condes--225x300.jpg 225w, https:\/\/www.castillodesaldana.es\/wp-content\/uploads\/2016\/09\/Foto-cartel-indicativo-Los-condes--960x1280.jpg 960w, https:\/\/www.castillodesaldana.es\/wp-content\/uploads\/2016\/09\/Foto-cartel-indicativo-Los-condes-.jpg 1200w\" sizes=\"(max-width: 537px) 100vw, 537px\" \/><\/a><\/p>\n<p>&nbsp;<\/p>\n<p>LLavero<\/p>\n<p><a href=\"http:\/\/www.castillodesaldana.es\/wp-content\/uploads\/2016\/09\/LLavero-2016.jpg\"><img decoding=\"async\" loading=\"lazy\" class=\"alignnone wp-image-459\" src=\"http:\/\/www.castillodesaldana.es\/wp-content\/uploads\/2016\/09\/LLavero-2016.jpg\" alt=\"llavero-2016\" width=\"434\" height=\"374\" srcset=\"https:\/\/www.castillodesaldana.es\/wp-content\/uploads\/2016\/09\/LLavero-2016.jpg 639w, https:\/\/www.castillodesaldana.es\/wp-content\/uploads\/2016\/09\/LLavero-2016-300x259.jpg 300w\" sizes=\"(max-width: 434px) 100vw, 434px\" \/><\/a><\/p>\n<p>&nbsp;<\/p>\n<p>&nbsp;<\/p>\n<p>&nbsp;<\/p>\n<hr \/>\n<p><em>Puedes enviar comentarios o cualquier otra documentaci\u00f3n (fotos, recortes...) al correo electr\u00f3nico <a style=\"color: #000000;\" href=\"mailto:juancarlos@dueronet.com\">juancarlos@dueronet.com<\/a><\/em><\/p>\n<p>&nbsp;<\/p>\n<p>&nbsp;<\/p>\n","protected":false},"excerpt":{"rendered":"<p>Esta p\u00e1gina esta dedicada a mostrar como el Castillo es parte de la vida, los recuerdos y las actividades de Salda\u00f1a y sus habitantes. Cuadros, fotos, carteles,..... enlaces a p\u00e1ginas web, a Facebook,.... &nbsp; Programa Fiestas del valle 2017 en el peri\u00f3dico CARRION Programa Fiestas del Valle 2017 en el peri\u00f3dico INVIERTE Cuadros del concurso <a href=\"https:\/\/www.castillodesaldana.es\/?page_id=19\" class=\"more-link\">...contin\u00faa leyendo<span class=\"screen-reader-text\"> \"Salda\u00f1a con el Castillo\"<\/span><\/a><\/p>\n","protected":false},"author":1,"featured_media":0,"parent":0,"menu_order":0,"comment_status":"open","ping_status":"open","template":"","meta":[],"_links":{"self":[{"href":"https:\/\/www.castillodesaldana.es\/index.php?rest_route=\/wp\/v2\/pages\/19"}],"collection":[{"href":"https:\/\/www.castillodesaldana.es\/index.php?rest_route=\/wp\/v2\/pages"}],"about":[{"href":"https:\/\/www.castillodesaldana.es\/index.php?rest_route=\/wp\/v2\/types\/page"}],"author":[{"embeddable":true,"href":"https:\/\/www.castillodesaldana.es\/index.php?rest_route=\/wp\/v2\/users\/1"}],"replies":[{"embeddable":true,"href":"https:\/\/www.castillodesaldana.es\/index.php?rest_route=%2Fwp%2Fv2%2Fcomments&post=19"}],"version-history":[{"count":51,"href":"https:\/\/www.castillodesaldana.es\/index.php?rest_route=\/wp\/v2\/pages\/19\/revisions"}],"predecessor-version":[{"id":958,"href":"https:\/\/www.castillodesaldana.es\/index.php?rest_route=\/wp\/v2\/pages\/19\/revisions\/958"}],"wp:attachment":[{"href":"https:\/\/www.castillodesaldana.es\/index.php?rest_route=%2Fwp%2Fv2%2Fmedia&parent=19"}],"curies":[{"name":"wp","href":"https:\/\/api.w.org\/{rel}","templated":true}]}}